{"id":25813,"date":"2026-04-30T13:32:55","date_gmt":"2026-04-30T13:32:55","guid":{"rendered":"http:\/\/netmove.fr\/wordpress4\/?page_id=25813"},"modified":"2026-04-30T13:47:55","modified_gmt":"2026-04-30T13:47:55","slug":"accompagnement","status":"publish","type":"page","link":"http:\/\/netmove.fr\/wordpress4\/mes-accompagnements\/accompagnement\/","title":{"rendered":"Accompagnement"},"content":{"rendered":"\t\t<div data-elementor-type=\"wp-page\" data-elementor-id=\"25813\" class=\"elementor elementor-25813\">\n\t\t\t\t\t\t<section class=\"elementor-section elementor-top-section elementor-element elementor-element-82c86c5 elementor-section-full_width elementor-section-height-default elementor-section-height-default\" data-id=\"82c86c5\" data-element_type=\"section\" data-e-type=\"section\" data-settings=\"{&quot;background_background&quot;:&quot;classic&quot;}\">\n\t\t\t\t\t\t<div class=\"elementor-container elementor-column-gap-no\">\n\t\t\t\t\t<div class=\"elementor-column elementor-col-50 elementor-top-column elementor-element elementor-element-efa0286\" data-id=\"efa0286\" data-element_type=\"column\" data-e-type=\"column\" data-settings=\"{&quot;background_background&quot;:&quot;classic&quot;}\">\n\t\t\t<div class=\"elementor-widget-wrap\">\n\t\t\t\t\t\t\t<\/div>\n\t\t<\/div>\n\t\t\t\t<div class=\"elementor-column elementor-col-50 elementor-top-column elementor-element elementor-element-9c1193e\" data-id=\"9c1193e\" data-element_type=\"column\" data-e-type=\"column\">\n\t\t\t<div class=\"elementor-widget-wrap elementor-element-populated\">\n\t\t\t\t\t\t<div class=\"elementor-element elementor-element-ad88fc7 elementor-widget elementor-widget-heading\" data-id=\"ad88fc7\" data-element_type=\"widget\" data-e-type=\"widget\" data-widget_type=\"heading.default\">\n\t\t\t\t<div class=\"elementor-widget-container\">\n\t\t\t\t\t<p class=\"elementor-heading-title elementor-size-default\">Accompagnement 2 mois<\/p>\t\t\t\t<\/div>\n\t\t\t\t<\/div>\n\t\t\t\t<div class=\"elementor-element elementor-element-adaf96a elementor-widget elementor-widget-heading\" data-id=\"adaf96a\" data-element_type=\"widget\" data-e-type=\"widget\" data-widget_type=\"heading.default\">\n\t\t\t\t<div class=\"elementor-widget-container\">\n\t\t\t\t\t<h1 class=\"elementor-heading-title elementor-size-default\">Re-naissance<\/h1>\t\t\t\t<\/div>\n\t\t\t\t<\/div>\n\t\t\t\t<div class=\"elementor-element elementor-element-9d61240 elementor-widget elementor-widget-spacer\" data-id=\"9d61240\" data-element_type=\"widget\" data-e-type=\"widget\" data-widget_type=\"spacer.default\">\n\t\t\t\t<div class=\"elementor-widget-container\">\n\t\t\t\t\t\t\t<div class=\"elementor-spacer\">\n\t\t\t<div class=\"elementor-spacer-inner\"><\/div>\n\t\t<\/div>\n\t\t\t\t\t\t<\/div>\n\t\t\t\t<\/div>\n\t\t\t\t<div class=\"elementor-element elementor-element-1a5b639 elementor-align-left elementor-widget elementor-widget-button\" data-id=\"1a5b639\" data-element_type=\"widget\" data-e-type=\"widget\" data-widget_type=\"button.default\">\n\t\t\t\t<div class=\"elementor-widget-container\">\n\t\t\t\t\t\t\t\t\t<div class=\"elementor-button-wrapper\">\n\t\t\t\t\t<a class=\"elementor-button elementor-size-sm\" role=\"button\">\n\t\t\t\t\t\t<span class=\"elementor-button-content-wrapper\">\n\t\t\t\t\t\t\t\t\t<span class=\"elementor-button-text\">5 s\u00e9ances sur 2 mois<\/span>\n\t\t\t\t\t<\/span>\n\t\t\t\t\t<\/a>\n\t\t\t\t<\/div>\n\t\t\t\t\t\t\t\t<\/div>\n\t\t\t\t<\/div>\n\t\t\t\t<div class=\"elementor-element elementor-element-71b1a8f elementor-widget elementor-widget-heading\" data-id=\"71b1a8f\" data-element_type=\"widget\" data-e-type=\"widget\" data-widget_type=\"heading.default\">\n\t\t\t\t<div class=\"elementor-widget-container\">\n\t\t\t\t\t<p class=\"elementor-heading-title elementor-size-default\"><b>Tu sais que quelque chose doit changer, mais tu ne sais plus par o\u00f9 commencer.<\/b> <br><br>RE-NAISSANCE, c\u2019est un accompagnement sur 2 mois pour passer de \u00ab\u00a0je tourne en rond\u00a0\u00bb \u00e0 \u00ab\u00a0je sais qui je suis et o\u00f9 je vais\u00a0\u00bb \u2014 avec la num\u00e9rologie et le coaching comme boussole.<\/p>\t\t\t\t<\/div>\n\t\t\t\t<\/div>\n\t\t\t\t\t<\/div>\n\t\t<\/div>\n\t\t\t\t\t<\/div>\n\t\t<\/section>\n\t\t\t\t<section class=\"elementor-section elementor-top-section elementor-element elementor-element-0bfae9b elementor-section-content-middle elementor-section-boxed elementor-section-height-default elementor-section-height-default\" data-id=\"0bfae9b\" data-element_type=\"section\" data-e-type=\"section\" data-settings=\"{&quot;background_background&quot;:&quot;classic&quot;}\">\n\t\t\t\t\t\t<div class=\"elementor-container elementor-column-gap-default\">\n\t\t\t\t\t<div class=\"elementor-column elementor-col-50 elementor-top-column elementor-element elementor-element-ae46df2\" data-id=\"ae46df2\" data-element_type=\"column\" data-e-type=\"column\">\n\t\t\t<div class=\"elementor-widget-wrap elementor-element-populated\">\n\t\t\t\t\t\t<div class=\"elementor-element elementor-element-f397828 elementor-widget elementor-widget-image\" data-id=\"f397828\" data-element_type=\"widget\" data-e-type=\"widget\" data-widget_type=\"image.default\">\n\t\t\t\t<div class=\"elementor-widget-container\">\n\t\t\t\t\t\t\t\t\t\t\t\t\t\t\t<img fetchpriority=\"high\" decoding=\"async\" width=\"1707\" height=\"2560\" src=\"http:\/\/netmove.fr\/wordpress4\/wp-content\/uploads\/2026\/04\/marya_volk-32J5dXZMfT0-unsplash-scaled.jpg\" class=\"attachment-full size-full wp-image-25580\" alt=\"\" srcset=\"http:\/\/netmove.fr\/wordpress4\/wp-content\/uploads\/2026\/04\/marya_volk-32J5dXZMfT0-unsplash-scaled.jpg 1707w, http:\/\/netmove.fr\/wordpress4\/wp-content\/uploads\/2026\/04\/marya_volk-32J5dXZMfT0-unsplash-768x1152.jpg 768w, http:\/\/netmove.fr\/wordpress4\/wp-content\/uploads\/2026\/04\/marya_volk-32J5dXZMfT0-unsplash-1024x1536.jpg 1024w, http:\/\/netmove.fr\/wordpress4\/wp-content\/uploads\/2026\/04\/marya_volk-32J5dXZMfT0-unsplash-1365x2048.jpg 1365w\" sizes=\"(max-width: 1707px) 100vw, 1707px\" \/>\t\t\t\t\t\t\t\t\t\t\t\t\t\t\t<\/div>\n\t\t\t\t<\/div>\n\t\t\t\t\t<\/div>\n\t\t<\/div>\n\t\t\t\t<div class=\"elementor-column elementor-col-50 elementor-top-column elementor-element elementor-element-a12a56d\" data-id=\"a12a56d\" data-element_type=\"column\" data-e-type=\"column\">\n\t\t\t<div class=\"elementor-widget-wrap elementor-element-populated\">\n\t\t\t\t\t\t<div class=\"elementor-element elementor-element-7aa0895 elementor-widget elementor-widget-heading\" data-id=\"7aa0895\" data-element_type=\"widget\" data-e-type=\"widget\" data-widget_type=\"heading.default\">\n\t\t\t\t<div class=\"elementor-widget-container\">\n\t\t\t\t\t<h2 class=\"elementor-heading-title elementor-size-default\">Un <i>accompagnement <\/i>pour te r\u00e9aligner en profondeur<\/h2>\t\t\t\t<\/div>\n\t\t\t\t<\/div>\n\t\t\t\t<div class=\"elementor-element elementor-element-e3c5700 elementor-widget elementor-widget-spacer\" data-id=\"e3c5700\" data-element_type=\"widget\" data-e-type=\"widget\" data-widget_type=\"spacer.default\">\n\t\t\t\t<div class=\"elementor-widget-container\">\n\t\t\t\t\t\t\t<div class=\"elementor-spacer\">\n\t\t\t<div class=\"elementor-spacer-inner\"><\/div>\n\t\t<\/div>\n\t\t\t\t\t\t<\/div>\n\t\t\t\t<\/div>\n\t\t\t\t<div class=\"elementor-element elementor-element-bf48324 elementor-widget elementor-widget-heading\" data-id=\"bf48324\" data-element_type=\"widget\" data-e-type=\"widget\" data-widget_type=\"heading.default\">\n\t\t\t\t<div class=\"elementor-widget-container\">\n\t\t\t\t\t<h3 class=\"elementor-heading-title elementor-size-default\">Les 5 \u00e9tapes<\/h3>\t\t\t\t<\/div>\n\t\t\t\t<\/div>\n\t\t\t\t<div class=\"elementor-element elementor-element-b309969 elementor-icon-list--layout-traditional elementor-list-item-link-full_width elementor-widget elementor-widget-icon-list\" data-id=\"b309969\" data-element_type=\"widget\" data-e-type=\"widget\" data-widget_type=\"icon-list.default\">\n\t\t\t\t<div class=\"elementor-widget-container\">\n\t\t\t\t\t\t\t<ul class=\"elementor-icon-list-items\">\n\t\t\t\t\t\t\t<li class=\"elementor-icon-list-item\">\n\t\t\t\t\t\t\t\t\t\t<span class=\"elementor-icon-list-text\"><b> \u2460 Le Miroir de l'\u00c2me <\/b> <br> On lit ton th\u00e8me complet \u2014 tes dons, tes talents, ce que tu es vraiment quand tu ne joues pas de r\u00f4le.<\/span>\n\t\t\t\t\t\t\t\t\t<\/li>\n\t\t\t\t\t\t\t\t<li class=\"elementor-icon-list-item\">\n\t\t\t\t\t\t\t\t\t\t<span class=\"elementor-icon-list-text\"><b> \u2461 La Boussole des D\u00e9sirs <\/b> <br>On remet \u00e0 plat ce qui compte pour toi aujourd'hui \u2014 pas ce qu'on attend de toi, ce qui vient de toi.<\/span>\n\t\t\t\t\t\t\t\t\t<\/li>\n\t\t\t\t\t\t\t\t<li class=\"elementor-icon-list-item\">\n\t\t\t\t\t\t\t\t\t\t<span class=\"elementor-icon-list-text\"><b> \u2462 Lever les R\u00e9sistances <\/b> <br> On nomme ce qui bloque \u2014 ce qui se rejoue depuis des ann\u00e9es sans que tu le choisisses.<\/span>\n\t\t\t\t\t\t\t\t\t<\/li>\n\t\t\t\t\t\t\t\t<li class=\"elementor-icon-list-item\">\n\t\t\t\t\t\t\t\t\t\t<span class=\"elementor-icon-list-text\"><b> \u2463 Le Passage \u00e0 l'Action <\/b> <br>On construit ton projet \u2014 cr\u00e9atif, professionnel ou personnel. Du flou \u00e0 un plan concret et r\u00e9aliste.<\/span>\n\t\t\t\t\t\t\t\t\t<\/li>\n\t\t\t\t\t\t\t\t<li class=\"elementor-icon-list-item\">\n\t\t\t\t\t\t\t\t\t\t<span class=\"elementor-icon-list-text\"><b>\u2464 Ta Feuille de Route<\/b> <br>On lit ta temporalit\u00e9 num\u00e9rologique sur 6 mois. Tu repars avec un cap clair et le rythme qui te correspond.<\/span>\n\t\t\t\t\t\t\t\t\t<\/li>\n\t\t\t\t\t\t<\/ul>\n\t\t\t\t\t\t<\/div>\n\t\t\t\t<\/div>\n\t\t\t\t\t<\/div>\n\t\t<\/div>\n\t\t\t\t\t<\/div>\n\t\t<\/section>\n\t\t\t\t<section class=\"elementor-section elementor-top-section elementor-element elementor-element-05477b9 elementor-section-boxed elementor-section-height-default elementor-section-height-default\" data-id=\"05477b9\" data-element_type=\"section\" data-e-type=\"section\" data-settings=\"{&quot;background_background&quot;:&quot;classic&quot;}\">\n\t\t\t\t\t\t<div class=\"elementor-container elementor-column-gap-default\">\n\t\t\t\t\t<div class=\"elementor-column elementor-col-100 elementor-top-column elementor-element elementor-element-ec7b83a\" data-id=\"ec7b83a\" data-element_type=\"column\" data-e-type=\"column\" data-settings=\"{&quot;background_background&quot;:&quot;classic&quot;}\">\n\t\t\t<div class=\"elementor-widget-wrap elementor-element-populated\">\n\t\t\t\t\t\t<div class=\"elementor-element elementor-element-2036ff4 elementor-widget elementor-widget-heading\" data-id=\"2036ff4\" data-element_type=\"widget\" data-e-type=\"widget\" data-widget_type=\"heading.default\">\n\t\t\t\t<div class=\"elementor-widget-container\">\n\t\t\t\t\t<p class=\"elementor-heading-title elementor-size-default\">INCLUS DANS L'ACCOMPAGNEMENT<\/p>\t\t\t\t<\/div>\n\t\t\t\t<\/div>\n\t\t\t\t<div class=\"elementor-element elementor-element-836a0c5 elementor-widget elementor-widget-heading\" data-id=\"836a0c5\" data-element_type=\"widget\" data-e-type=\"widget\" data-widget_type=\"heading.default\">\n\t\t\t\t<div class=\"elementor-widget-container\">\n\t\t\t\t\t<h2 class=\"elementor-heading-title elementor-size-default\">Tout ce que tu <i>re\u00e7ois<\/i> dans RE-NAISSANCE<\/h2>\t\t\t\t<\/div>\n\t\t\t\t<\/div>\n\t\t\t\t<div class=\"elementor-element elementor-element-3c6648d elementor-widget elementor-widget-spacer\" data-id=\"3c6648d\" data-element_type=\"widget\" data-e-type=\"widget\" data-widget_type=\"spacer.default\">\n\t\t\t\t<div class=\"elementor-widget-container\">\n\t\t\t\t\t\t\t<div class=\"elementor-spacer\">\n\t\t\t<div class=\"elementor-spacer-inner\"><\/div>\n\t\t<\/div>\n\t\t\t\t\t\t<\/div>\n\t\t\t\t<\/div>\n\t\t\t\t<div class=\"elementor-element elementor-element-38cabcc elementor-icon-list--layout-traditional elementor-list-item-link-full_width elementor-widget elementor-widget-icon-list\" data-id=\"38cabcc\" data-element_type=\"widget\" data-e-type=\"widget\" data-widget_type=\"icon-list.default\">\n\t\t\t\t<div class=\"elementor-widget-container\">\n\t\t\t\t\t\t\t<ul class=\"elementor-icon-list-items\">\n\t\t\t\t\t\t\t<li class=\"elementor-icon-list-item\">\n\t\t\t\t\t\t\t\t\t\t\t<span class=\"elementor-icon-list-icon\">\n\t\t\t\t\t\t\t<i aria-hidden=\"true\" class=\"fas fa-circle\"><\/i>\t\t\t\t\t\t<\/span>\n\t\t\t\t\t\t\t\t\t\t<span class=\"elementor-icon-list-text\">5 s\u00e9ances individuelles (1h\u20131h30) en visio, toutes les deux semaines<\/span>\n\t\t\t\t\t\t\t\t\t<\/li>\n\t\t\t\t\t\t\t\t<li class=\"elementor-icon-list-item\">\n\t\t\t\t\t\t\t\t\t\t\t<span class=\"elementor-icon-list-icon\">\n\t\t\t\t\t\t\t<i aria-hidden=\"true\" class=\"fas fa-circle\"><\/i>\t\t\t\t\t\t<\/span>\n\t\t\t\t\t\t\t\t\t\t<span class=\"elementor-icon-list-text\">Le Fil d'Ariane \u2014 support Telegram entre les s\u00e9ances pour ne pas rester seule avec tes questions<\/span>\n\t\t\t\t\t\t\t\t\t<\/li>\n\t\t\t\t\t\t\t\t<li class=\"elementor-icon-list-item\">\n\t\t\t\t\t\t\t\t\t\t\t<span class=\"elementor-icon-list-icon\">\n\t\t\t\t\t\t\t<i aria-hidden=\"true\" class=\"fas fa-circle\"><\/i>\t\t\t\t\t\t<\/span>\n\t\t\t\t\t\t\t\t\t\t<span class=\"elementor-icon-list-text\">Tes Workbooks RE-NAISSANCE pour ancrer chaque \u00e9tape<\/span>\n\t\t\t\t\t\t\t\t\t<\/li>\n\t\t\t\t\t\t\t\t<li class=\"elementor-icon-list-item\">\n\t\t\t\t\t\t\t\t\t\t\t<span class=\"elementor-icon-list-icon\">\n\t\t\t\t\t\t\t<i aria-hidden=\"true\" class=\"fas fa-circle\"><\/i>\t\t\t\t\t\t<\/span>\n\t\t\t\t\t\t\t\t\t\t<span class=\"elementor-icon-list-text\">Acc\u00e8s \u00e0 mes ressources exclusives pendant toute la dur\u00e9e de l'accompagnement<\/span>\n\t\t\t\t\t\t\t\t\t<\/li>\n\t\t\t\t\t\t<\/ul>\n\t\t\t\t\t\t<\/div>\n\t\t\t\t<\/div>\n\t\t\t\t\t<\/div>\n\t\t<\/div>\n\t\t\t\t\t<\/div>\n\t\t<\/section>\n\t\t\t\t<section class=\"elementor-section elementor-top-section elementor-element elementor-element-fe52f49 elementor-section-boxed elementor-section-height-default elementor-section-height-default\" data-id=\"fe52f49\" data-element_type=\"section\" data-e-type=\"section\" data-settings=\"{&quot;background_background&quot;:&quot;classic&quot;}\">\n\t\t\t\t\t\t<div class=\"elementor-container elementor-column-gap-default\">\n\t\t\t\t\t<div class=\"elementor-column elementor-col-50 elementor-top-column elementor-element elementor-element-669dcb9\" data-id=\"669dcb9\" data-element_type=\"column\" data-e-type=\"column\" data-settings=\"{&quot;background_background&quot;:&quot;gradient&quot;}\">\n\t\t\t<div class=\"elementor-widget-wrap elementor-element-populated\">\n\t\t\t\t\t\t<div class=\"elementor-element elementor-element-f8dcf25 elementor-widget elementor-widget-heading\" data-id=\"f8dcf25\" data-element_type=\"widget\" data-e-type=\"widget\" data-widget_type=\"heading.default\">\n\t\t\t\t<div class=\"elementor-widget-container\">\n\t\t\t\t\t<p class=\"elementor-heading-title elementor-size-default\">Prix de lancement<\/p>\t\t\t\t<\/div>\n\t\t\t\t<\/div>\n\t\t\t\t<div class=\"elementor-element elementor-element-8715d9b elementor-widget elementor-widget-heading\" data-id=\"8715d9b\" data-element_type=\"widget\" data-e-type=\"widget\" data-widget_type=\"heading.default\">\n\t\t\t\t<div class=\"elementor-widget-container\">\n\t\t\t\t\t<h2 class=\"elementor-heading-title elementor-size-default\">500\u20ac<\/h2>\t\t\t\t<\/div>\n\t\t\t\t<\/div>\n\t\t\t\t<div class=\"elementor-element elementor-element-4c71e99 elementor-align-center elementor-widget elementor-widget-button\" data-id=\"4c71e99\" data-element_type=\"widget\" data-e-type=\"widget\" data-widget_type=\"button.default\">\n\t\t\t\t<div class=\"elementor-widget-container\">\n\t\t\t\t\t\t\t\t\t<div class=\"elementor-button-wrapper\">\n\t\t\t\t\t<a class=\"elementor-button elementor-button-link elementor-size-sm\" href=\"#\">\n\t\t\t\t\t\t<span class=\"elementor-button-content-wrapper\">\n\t\t\t\t\t\t\t\t\t<span class=\"elementor-button-text\">Je r\u00e9serve ma s\u00e9ance<\/span>\n\t\t\t\t\t<\/span>\n\t\t\t\t\t<\/a>\n\t\t\t\t<\/div>\n\t\t\t\t\t\t\t\t<\/div>\n\t\t\t\t<\/div>\n\t\t\t\t\t<\/div>\n\t\t<\/div>\n\t\t\t\t<div class=\"elementor-column elementor-col-50 elementor-top-column elementor-element elementor-element-b6fe519\" data-id=\"b6fe519\" data-element_type=\"column\" data-e-type=\"column\">\n\t\t\t<div class=\"elementor-widget-wrap elementor-element-populated\">\n\t\t\t\t\t\t<div class=\"elementor-element elementor-element-1a53778 elementor-widget elementor-widget-image\" data-id=\"1a53778\" data-element_type=\"widget\" data-e-type=\"widget\" data-widget_type=\"image.default\">\n\t\t\t\t<div class=\"elementor-widget-container\">\n\t\t\t\t\t\t\t\t\t\t\t\t\t\t\t<img decoding=\"async\" width=\"1920\" height=\"1280\" src=\"http:\/\/netmove.fr\/wordpress4\/wp-content\/uploads\/2026\/04\/priscilla-du-preez-CeW-PHwpGc-unsplash.jpg\" class=\"attachment-full size-full wp-image-25562\" alt=\"\" srcset=\"http:\/\/netmove.fr\/wordpress4\/wp-content\/uploads\/2026\/04\/priscilla-du-preez-CeW-PHwpGc-unsplash.jpg 1920w, http:\/\/netmove.fr\/wordpress4\/wp-content\/uploads\/2026\/04\/priscilla-du-preez-CeW-PHwpGc-unsplash-768x512.jpg 768w, http:\/\/netmove.fr\/wordpress4\/wp-content\/uploads\/2026\/04\/priscilla-du-preez-CeW-PHwpGc-unsplash-1536x1024.jpg 1536w\" sizes=\"(max-width: 1920px) 100vw, 1920px\" \/>\t\t\t\t\t\t\t\t\t\t\t\t\t\t\t<\/div>\n\t\t\t\t<\/div>\n\t\t\t\t\t<\/div>\n\t\t<\/div>\n\t\t\t\t\t<\/div>\n\t\t<\/section>\n\t\t\t\t<\/div>\n\t\t","protected":false},"excerpt":{"rendered":"<p>Accompagnement 2 mois Re-naissance 5 s\u00e9ances sur 2 mois Tu sais que quelque chose doit changer, mais tu ne sais plus par o\u00f9 commencer. RE-NAISSANCE, c\u2019est un accompagnement sur 2 mois pour passer de \u00ab\u00a0je tourne en rond\u00a0\u00bb \u00e0 \u00ab\u00a0je sais qui je suis et o\u00f9 je vais\u00a0\u00bb \u2014 avec la num\u00e9rologie et le coaching [&hellip;]<\/p>\n","protected":false},"author":1,"featured_media":0,"parent":25566,"menu_order":0,"comment_status":"closed","ping_status":"closed","template":"elementor_header_footer","meta":{"footnotes":""},"class_list":["post-25813","page","type-page","status-publish","hentry"],"_links":{"self":[{"href":"http:\/\/netmove.fr\/wordpress4\/wp-json\/wp\/v2\/pages\/25813","targetHints":{"allow":["GET"]}}],"collection":[{"href":"http:\/\/netmove.fr\/wordpress4\/wp-json\/wp\/v2\/pages"}],"about":[{"href":"http:\/\/netmove.fr\/wordpress4\/wp-json\/wp\/v2\/types\/page"}],"author":[{"embeddable":true,"href":"http:\/\/netmove.fr\/wordpress4\/wp-json\/wp\/v2\/users\/1"}],"replies":[{"embeddable":true,"href":"http:\/\/netmove.fr\/wordpress4\/wp-json\/wp\/v2\/comments?post=25813"}],"version-history":[{"count":10,"href":"http:\/\/netmove.fr\/wordpress4\/wp-json\/wp\/v2\/pages\/25813\/revisions"}],"predecessor-version":[{"id":25824,"href":"http:\/\/netmove.fr\/wordpress4\/wp-json\/wp\/v2\/pages\/25813\/revisions\/25824"}],"up":[{"embeddable":true,"href":"http:\/\/netmove.fr\/wordpress4\/wp-json\/wp\/v2\/pages\/25566"}],"wp:attachment":[{"href":"http:\/\/netmove.fr\/wordpress4\/wp-json\/wp\/v2\/media?parent=25813"}],"curies":[{"name":"wp","href":"https:\/\/api.w.org\/{rel}","templated":true}]}}